{"id":2,"date":"2017-10-07T16:54:15","date_gmt":"2017-10-07T16:54:15","guid":{"rendered":"http:\/\/www.cineclubaranjuez.es\/?page_id=2"},"modified":"2017-10-25T18:45:13","modified_gmt":"2017-10-25T16:45:13","slug":"pagina-ejemplo","status":"publish","type":"page","link":"https:\/\/www.cineclubaranjuez.es\/index.php\/pagina-ejemplo\/","title":{"rendered":"Sobre CineClubAranjuez"},"content":{"rendered":"<p><span style=\"font-weight: 400;\">Dicen que Hollywood es la f\u00e1brica de los sue\u00f1os. Puede que sea cierto. Pero quiz\u00e1s, se podr\u00eda expandir esa idea al cine en general. El cine como f\u00e1brica de sue\u00f1os. Puede no ser una idea excesivamente original. Pero probablemente sea cierta.<\/span><\/p>\n<p><span style=\"font-weight: 400;\">Hace unos a\u00f1os, el cine de Aranjuez cerr\u00f3 sus puertas. No ha dejado de ser algo anecd\u00f3tico para la gente en general. Otro negocio que se va a pique en estos aciagos tiempos que nos ha tocado vivir. Pero todav\u00eda hay gente a la que le sigue doliendo esto.<\/span><\/p>\n<p><span style=\"font-weight: 400;\">Seamos sinceros: aunque desde este peque\u00f1o rinc\u00f3n no defendemos precisamente los derechos de autor: gran parte de la culpa de que en Aranjuez nos hayamos quedado sin cine ha sido gracias a internet y las descargas.<\/span><\/p>\n<p><span style=\"font-weight: 400;\">Seamos sinceros: gran parte del cine que se puede consumir en Aranjuez son pel\u00edculas descargadas de la red (y desde este rinc\u00f3n lo seguiremos haciendo, mientras nos lo permitan), pero la muerte del cine de Aranjuez nos ha hecho darnos cuenta de cu\u00e1nto hemos perdido. Poco a poco vamos siendo conscientes.<\/span><\/p>\n<p><span style=\"font-weight: 400;\">Puede haber muchas maneras de huir de la realidad, pero al final elegimos, entre otras cosas, el cine. Las pel\u00edculas siempre han permitido desconectar del mundo real (que bastante jodido es ya de por s\u00ed, a\u00f1adiendo luego lo que cada uno lleva encima) y dejar a un lado todas las preocupaciones. <\/span><\/p>\n<p><span style=\"font-weight: 400;\">Creemos en el cine, y no solo en las pel\u00edculas como tal, sino en la experiencia de sentarte con unos cuantos extra\u00f1os (y algunos conocidos), y compartir momentos de risas, de tristezas, de cabreos, de venganzas, de injusticias, de romances, de acci\u00f3n, de m\u00fasica&#8230; en definitiva un momento de una vida que seguramente no nos tocar\u00e1 vivir, o al menos, no de la misma forma que se cuenta en esa pantalla blanca. Pero es ese momento, con esa gente, con la que aunque no quieras, compartes ese sue\u00f1o que dura unos cuantos minutos y que te hace sentir que tu vida es otra, que puedes quedarte con la chica o ganar al malo de turno.<\/span><\/p>\n<p><span style=\"font-weight: 400;\">El paup\u00e9rrimo mundo cultural de Aranjuez recibi\u00f3 otro clavo en el ata\u00fad cuando unas chapas de madera cerraron las taquillas del cine. Como dec\u00edamos al principio, para la gran mayor\u00eda fue otro negocio que hac\u00eda mucho que no pisaban, y que se fue a pique. La pena es que muchos sue\u00f1os pasados o futuros se quedaron detr\u00e1s de esas puertas. Pero bueno, de momento internet seguir\u00e1 proporcionando la dosis que algunos yonkis seguimos necesitando. Antes pag\u00e1bamos por ello, ahora ya no nos queda m\u00e1s remedio que hacerlo gratis. Supongo que mucha gente se sentir\u00e1 orgullosa de c\u00f3mo se va desenvolviendo todo.<\/span><\/p>\n<p><span style=\"font-weight: 400;\">Cuando un tabl\u00f3n anunci\u00f3 que ya no habr\u00eda m\u00e1s carteles de cine en Aranjuez, el motor de la m\u00e1quina de los sue\u00f1os tosi\u00f3, pero no se parar\u00e1. Todav\u00eda no. Quedan muchos sue\u00f1os que so\u00f1ar. Muchas risas que reir, muchas emociones que transmitir, muchos quejas por las malas pel\u00edculas&#8230;<\/span><\/p>\n<p><span style=\"font-weight: 400;\">Muchos sue\u00f1os que nunca se rendir\u00e1n.<\/span><\/p>\n","protected":false},"excerpt":{"rendered":"<p>Dicen que Hollywood es la f\u00e1brica de los sue\u00f1os. Puede que sea cierto. Pero quiz\u00e1s, se podr\u00eda expandir esa idea<\/p>\n","protected":false},"author":1,"featured_media":0,"parent":0,"menu_order":0,"comment_status":"closed","ping_status":"open","template":"","meta":{"yasr_overall_rating":0,"yasr_post_is_review":"","yasr_auto_insert_disabled":"yes","yasr_review_type":"","footnotes":""},"class_list":["post-2","page","type-page","status-publish","hentry"],"yasr_visitor_votes":{"stars_attributes":{"read_only":false,"span_bottom":false},"number_of_votes":0,"sum_votes":0},"_links":{"self":[{"href":"https:\/\/www.cineclubaranjuez.es\/index.php\/wp-json\/wp\/v2\/pages\/2"}],"collection":[{"href":"https:\/\/www.cineclubaranjuez.es\/index.php\/wp-json\/wp\/v2\/pages"}],"about":[{"href":"https:\/\/www.cineclubaranjuez.es\/index.php\/wp-json\/wp\/v2\/types\/page"}],"author":[{"embeddable":true,"href":"https:\/\/www.cineclubaranjuez.es\/index.php\/wp-json\/wp\/v2\/users\/1"}],"replies":[{"embeddable":true,"href":"https:\/\/www.cineclubaranjuez.es\/index.php\/wp-json\/wp\/v2\/comments?post=2"}],"version-history":[{"count":3,"href":"https:\/\/www.cineclubaranjuez.es\/index.php\/wp-json\/wp\/v2\/pages\/2\/revisions"}],"predecessor-version":[{"id":53,"href":"https:\/\/www.cineclubaranjuez.es\/index.php\/wp-json\/wp\/v2\/pages\/2\/revisions\/53"}],"wp:attachment":[{"href":"https:\/\/www.cineclubaranjuez.es\/index.php\/wp-json\/wp\/v2\/media?parent=2"}],"curies":[{"name":"wp","href":"https:\/\/api.w.org\/{rel}","templated":true}]}}