{"id":735,"date":"2019-04-26T20:33:51","date_gmt":"2019-04-26T18:33:51","guid":{"rendered":"http:\/\/www.cineclubaranjuez.es\/?page_id=735"},"modified":"2019-06-12T18:40:46","modified_gmt":"2019-06-12T16:40:46","slug":"concursos","status":"publish","type":"page","link":"https:\/\/www.cineclubaranjuez.es\/index.php\/concursos\/","title":{"rendered":"Concursos"},"content":{"rendered":"<div style='text-align:left' class='yasr-auto-insert-overall'><!--Yasr Overall Rating Shortcode--><div class='yasr-custom-text-before-overall' id='yasr-custom-text-before-overall'>Nuestra Puntuaci\u00f3n<\/div><div class=\"yasr-overall-rating\"><div class=' yasr-rater-stars'\n                           id='yasr-overall-rating-rater-c8694f1ff4d4b'\n                           data-rating='0'\n                           data-rater-starsize='32'>\n                       <\/div><\/div><!--End Yasr Overall Rating Shortcode--><\/div><div style='text-align:left' class='yasr-auto-insert-visitor'><!--Yasr Visitor Votes Shortcode--><div id='yasr_visitor_votes_085d4fb62479d' class='yasr-visitor-votes'><div class=\"yasr-custom-text-vv-before yasr-custom-text-vv-before-735\">Valoraci\u00f3n de los lectores<\/div><div id='yasr-vv-second-row-container-085d4fb62479d'\n                                        class='yasr-vv-second-row-container'><div id='yasr-visitor-votes-rater-085d4fb62479d'\n                                      class='yasr-rater-stars-vv'\n                                      data-rater-postid='735'\n                                      data-rating='0'\n                                      data-rater-starsize='32'\n                                      data-rater-readonly='false'\n                                      data-rater-nonce='6329f6b4df'\n                                      data-issingular='false'\n                                    ><\/div><div class=\"yasr-vv-stats-text-container\" id=\"yasr-vv-stats-text-container-085d4fb62479d\"><svg xmlns=\"https:\/\/www.w3.org\/2000\/svg\" width=\"20\" height=\"20\"\n                                   class=\"yasr-dashicons-visitor-stats\"\n                                   data-postid=\"735\"\n                                   id=\"yasr-stats-dashicon-085d4fb62479d\">\n                                   <path d=\"M18 18v-16h-4v16h4zM12 18v-11h-4v11h4zM6 18v-8h-4v8h4z\"><\/path>\n                               <\/svg><span id=\"yasr-vv-text-container-085d4fb62479d\" class=\"yasr-vv-text-container\">[Total: <span id=\"yasr-vv-votes-number-container-085d4fb62479d\">0<\/span>  Media: <span id=\"yasr-vv-average-container-085d4fb62479d\">0<\/span>]<\/span><\/div><div id='yasr-vv-loader-085d4fb62479d' class='yasr-vv-container-loader'><\/div><\/div><div id='yasr-vv-bottom-container-085d4fb62479d' class='yasr-vv-bottom-container'><\/div><\/div><!--End Yasr Visitor Votes Shortcode--><\/div><p>Como el anterior concurso qued\u00f3 desierto (nuestros \u00edndices de audiencia son 0), tenemos ganas de regalar el premio como sea. La idea: un sorteo entre todos aquellos que comenten antes de que se anuncie nuestro quinto y \u00faltimo podcast de la temporada (o de nuestra historia).<\/p>\n<p>El premio:<\/p>\n<p>Un pack de 3 Dvd con las pel\u00edculas de James Dean en caja met\u00e1lica.<\/p>\n<p><img loading=\"lazy\" decoding=\"async\" class=\"alignnone size-medium wp-image-738\" src=\"http:\/\/www.cineclubaranjuez.es\/wp-content\/uploads\/2019\/04\/james_dean_dvd_concurso_01x03-202x300.jpg\" alt=\"\" width=\"202\" height=\"300\" srcset=\"https:\/\/www.cineclubaranjuez.es\/wp-content\/uploads\/2019\/04\/james_dean_dvd_concurso_01x03-202x300.jpg 202w, https:\/\/www.cineclubaranjuez.es\/wp-content\/uploads\/2019\/04\/james_dean_dvd_concurso_01x03.jpg 336w\" sizes=\"(max-width: 202px) 100vw, 202px\" \/><\/p>\n<p>Por motivos t\u00e9cnicos solo est\u00e1 permitido participar a personas que residan en el territorio de Espa\u00f1a.<\/p>\n<p>Suerte!<\/p>\n","protected":false},"excerpt":{"rendered":"<p>Nuestra Puntuaci\u00f3n Valoraci\u00f3n de los lectores [Total: 0 Media: 0]Como el anterior concurso qued\u00f3 desierto (nuestros \u00edndices de audiencia son<\/p>\n","protected":false},"author":1,"featured_media":0,"parent":0,"menu_order":0,"comment_status":"closed","ping_status":"closed","template":"","meta":{"yasr_overall_rating":0,"yasr_post_is_review":"","yasr_auto_insert_disabled":"","yasr_review_type":"Product","footnotes":""},"class_list":["post-735","page","type-page","status-publish","hentry"],"yasr_visitor_votes":{"stars_attributes":{"read_only":false,"span_bottom":false},"number_of_votes":0,"sum_votes":0},"_links":{"self":[{"href":"https:\/\/www.cineclubaranjuez.es\/index.php\/wp-json\/wp\/v2\/pages\/735"}],"collection":[{"href":"https:\/\/www.cineclubaranjuez.es\/index.php\/wp-json\/wp\/v2\/pages"}],"about":[{"href":"https:\/\/www.cineclubaranjuez.es\/index.php\/wp-json\/wp\/v2\/types\/page"}],"author":[{"embeddable":true,"href":"https:\/\/www.cineclubaranjuez.es\/index.php\/wp-json\/wp\/v2\/users\/1"}],"replies":[{"embeddable":true,"href":"https:\/\/www.cineclubaranjuez.es\/index.php\/wp-json\/wp\/v2\/comments?post=735"}],"version-history":[{"count":3,"href":"https:\/\/www.cineclubaranjuez.es\/index.php\/wp-json\/wp\/v2\/pages\/735\/revisions"}],"predecessor-version":[{"id":763,"href":"https:\/\/www.cineclubaranjuez.es\/index.php\/wp-json\/wp\/v2\/pages\/735\/revisions\/763"}],"wp:attachment":[{"href":"https:\/\/www.cineclubaranjuez.es\/index.php\/wp-json\/wp\/v2\/media?parent=735"}],"curies":[{"name":"wp","href":"https:\/\/api.w.org\/{rel}","templated":true}]}}